{"id":981,"date":"2021-01-14T11:02:27","date_gmt":"2021-01-14T10:02:27","guid":{"rendered":"http:\/\/test05.web128.s96.goserver.host\/?page_id=981"},"modified":"2026-01-20T11:44:22","modified_gmt":"2026-01-20T10:44:22","slug":"wedding-destinations","status":"publish","type":"page","link":"https:\/\/www.wedding-vienna.com\/en\/wedding-destinations\/","title":{"rendered":"Wedding Destinations"},"content":{"rendered":"<p>[et_pb_section fb_built=&#8220;1&#8243; _builder_version=&#8220;4.27.4&#8243; _module_preset=&#8220;default&#8220; custom_padding=&#8220;0px||0px|||&#8220; global_colors_info=&#8220;{}&#8220; background_color=&#8220;#AB2849&#8243; background_image=&#8220;https:\/\/www.wedding-vienna.com\/wp-content\/uploads\/2026\/01\/hg-1.png&#8220; background_size=&#8220;contain&#8220; background_position=&#8220;top_center&#8220; background_blend=&#8220;multiply&#8220;][et_pb_row use_custom_gutter=&#8220;on&#8220; custom_padding_last_edited=&#8220;on|phone&#8220; _builder_version=&#8220;4.27.5&#8243; _module_preset=&#8220;default&#8220; background_color=&#8220;#FFFFFF&#8220; background_size=&#8220;initial&#8220; background_position=&#8220;top_left&#8220; background_repeat=&#8220;repeat&#8220; z_index=&#8220;1&#8243; width=&#8220;85%&#8220; width_tablet=&#8220;95%&#8220; width_phone=&#8220;95%&#8220; width_last_edited=&#8220;on|phone&#8220; max_width=&#8220;95%&#8220; custom_padding=&#8220;47px|0px|47px|0px|true|true&#8220; custom_padding_tablet=&#8220;47px|20px|47px|20px|true|true&#8220; custom_padding_phone=&#8220;0px|20px|20px|20px|false|true&#8220; hover_enabled=&#8220;0&#8243; global_colors_info=&#8220;{}&#8220; sticky_enabled=&#8220;0&#8243;][et_pb_column type=&#8220;4_4&#8243; _builder_version=&#8220;4.19.5&#8243; _module_preset=&#8220;default&#8220; global_colors_info=&#8220;{}&#8220;][et_pb_text admin_label=&#8220;Ma\u00dfgeheiratet&#8220; _builder_version=&#8220;4.27.4&#8243; header_font=&#8220;||||||||&#8220; header_2_font=&#8220;Italianno||||||||&#8220; background_size=&#8220;initial&#8220; background_position=&#8220;top_left&#8220; background_repeat=&#8220;repeat&#8220; text_orientation=&#8220;center&#8220; module_alignment=&#8220;center&#8220; custom_padding=&#8220;7px|||||&#8220; custom_padding_tablet=&#8220;7px|||||&#8220; custom_padding_phone=&#8220;30px||||false|false&#8220; custom_padding_last_edited=&#8220;on|phone&#8220; header_font_size_tablet=&#8220;&#8220; header_font_size_phone=&#8220;28px&#8220; header_font_size_last_edited=&#8220;on|phone&#8220; header_line_height_tablet=&#8220;&#8220; header_line_height_phone=&#8220;&#8220; header_line_height_last_edited=&#8220;on|phone&#8220; z_index_tablet=&#8220;500&#8243; text_text_shadow_horizontal_length_tablet=&#8220;0px&#8220; text_text_shadow_vertical_length_tablet=&#8220;0px&#8220; text_text_shadow_blur_strength_tablet=&#8220;1px&#8220; link_text_shadow_horizontal_length_tablet=&#8220;0px&#8220; link_text_shadow_vertical_length_tablet=&#8220;0px&#8220; link_text_shadow_blur_strength_tablet=&#8220;1px&#8220; ul_text_shadow_horizontal_length_tablet=&#8220;0px&#8220; ul_text_shadow_vertical_length_tablet=&#8220;0px&#8220; ul_text_shadow_blur_strength_tablet=&#8220;1px&#8220; ol_text_shadow_horizontal_length_tablet=&#8220;0px&#8220; ol_text_shadow_vertical_length_tablet=&#8220;0px&#8220; ol_text_shadow_blur_strength_tablet=&#8220;1px&#8220; quote_text_shadow_horizontal_length_tablet=&#8220;0px&#8220; quote_text_shadow_vertical_length_tablet=&#8220;0px&#8220; quote_text_shadow_blur_strength_tablet=&#8220;1px&#8220; header_text_shadow_horizontal_length_tablet=&#8220;0px&#8220; header_text_shadow_vertical_length_tablet=&#8220;0px&#8220; header_text_shadow_blur_strength_tablet=&#8220;1px&#8220; header_2_text_shadow_horizontal_length_tablet=&#8220;0px&#8220; header_2_text_shadow_vertical_length_tablet=&#8220;0px&#8220; header_2_text_shadow_blur_strength_tablet=&#8220;1px&#8220; header_3_text_shadow_horizontal_length_tablet=&#8220;0px&#8220; header_3_text_shadow_vertical_length_tablet=&#8220;0px&#8220; header_3_text_shadow_blur_strength_tablet=&#8220;1px&#8220; header_4_text_shadow_horizontal_length_tablet=&#8220;0px&#8220; header_4_text_shadow_vertical_length_tablet=&#8220;0px&#8220; header_4_text_shadow_blur_strength_tablet=&#8220;1px&#8220; header_5_text_shadow_horizontal_length_tablet=&#8220;0px&#8220; header_5_text_shadow_vertical_length_tablet=&#8220;0px&#8220; header_5_text_shadow_blur_strength_tablet=&#8220;1px&#8220; header_6_text_shadow_horizontal_length_tablet=&#8220;0px&#8220; header_6_text_shadow_vertical_length_tablet=&#8220;0px&#8220; header_6_text_shadow_blur_strength_tablet=&#8220;1px&#8220; box_shadow_horizontal_tablet=&#8220;0px&#8220; box_shadow_vertical_tablet=&#8220;0px&#8220; box_shadow_blur_tablet=&#8220;40px&#8220; box_shadow_spread_tablet=&#8220;0px&#8220; use_border_color=&#8220;off&#8220; global_colors_info=&#8220;{}&#8220;]<\/p>\n<h1>Besondere Orte |<br \/>Wedding Destinations<\/h1>\n<p><strong>Traumpl\u00e4tze<\/strong> um das einmalige Ereignis \u201eHochzeit\u201c zu feiern, gibt es viele. In Wien, in \u00d6sterreich, auf der ganzen Welt.<br \/>Solche, bei denen wir uns besonders gut auskennen, am Puls der Zeit sind und mit tollen Partnern arbeiten, haben wir hier herausgestellt.<\/p>\n<p>Als Anregung f\u00fcr Euch. Vielleicht bekr\u00e4ftigt das Euren gew\u00fcnschten Hochzeitsort nochmals \u2013 vielleicht ist es aber auch<br \/>ein feiner Gedanke, Eure Hochzeit an\u2018s Meer zu tr\u00e4umen? Gedanken sind schlie\u00dflich frei. So, wie die <strong><a href=\"https:\/\/calendly.com\/elisabeth-from-wedding-vienna\/kostenfreies-erstgespraech\" target=\"_blank\" rel=\"noopener\">kostenfreie Erstberatung<\/a><\/strong>, zu der ich Euch einlade.<\/p>\n<p>[\/et_pb_text][\/et_pb_column][\/et_pb_row][et_pb_row column_structure=&#8220;2_5,3_5&#8243; use_custom_gutter=&#8220;on&#8220; gutter_width=&#8220;1&#8243; make_equal=&#8220;on&#8220; custom_padding_last_edited=&#8220;on|phone&#8220; _builder_version=&#8220;4.27.5&#8243; _module_preset=&#8220;default&#8220; background_color=&#8220;#FFFFFF&#8220; background_size=&#8220;initial&#8220; background_position=&#8220;top_left&#8220; background_repeat=&#8220;repeat&#8220; width=&#8220;85%&#8220; width_tablet=&#8220;&#8220; width_phone=&#8220;95%&#8220; width_last_edited=&#8220;on|desktop&#8220; max_width=&#8220;95%&#8220; max_width_tablet=&#8220;&#8220; max_width_phone=&#8220;100%&#8220; max_width_last_edited=&#8220;on|phone&#8220; custom_padding=&#8220;0px|10%|0px|10%|false|true&#8220; custom_padding_tablet=&#8220;0px|18%|0px|18%|false|true&#8220; custom_padding_phone=&#8220;0px|5%|0px|5%|false|true&#8220; hover_enabled=&#8220;0&#8243; global_colors_info=&#8220;{}&#8220; sticky_enabled=&#8220;0&#8243;][et_pb_column type=&#8220;2_5&#8243; _builder_version=&#8220;4.16&#8243; _module_preset=&#8220;default&#8220; global_colors_info=&#8220;{}&#8220;][et_pb_cta button_url=&#8220;#overlay&#8220; button_text=&#8220;Wien  &#8211; l\u00e4ssig und edel&#8220; admin_label=&#8220;IMAGE BUTTON #1&#8243; module_id=&#8220;overlay_unique_id_257621&#8243; _builder_version=&#8220;4.27.4&#8243; use_background_color=&#8220;off&#8220; background_image=&#8220;https:\/\/www.wedding-vienna.com\/wp-content\/uploads\/2021\/01\/IMG_8670-e1509443324889.jpg&#8220; background_size=&#8220;initial&#8220; background_position=&#8220;top_left&#8220; background_repeat=&#8220;repeat&#8220; custom_button=&#8220;on&#8220; button_text_size=&#8220;18px&#8220; button_text_color=&#8220;#AB2849&#8243; button_bg_color=&#8220;#e5d7ba&#8220; button_border_width=&#8220;0px&#8220; button_border_color=&#8220;#ffffff&#8220; button_border_radius=&#8220;0&#8243; button_font=&#8220;Raleway|||on|||||&#8220; button_use_icon=&#8220;off&#8220; background_layout=&#8220;light&#8220; custom_margin=&#8220;0px|0px|0px|0px&#8220; custom_padding=&#8220;300px||300px||true|&#8220; custom_padding_tablet=&#8220;220px||220px|&#8220; custom_padding_phone=&#8220;150px|20px|150px|20px|false|true&#8220; custom_padding_last_edited=&#8220;on|desktop&#8220; button_text_size_tablet=&#8220;18px&#8220; button_text_size_phone=&#8220;16px&#8220; button_text_size_last_edited=&#8220;on|phone&#8220; custom_css_main_element=&#8220;background-size: inherit;||&#8220; border_width_all=&#8220;3px&#8220; border_color_all=&#8220;#ffffff&#8220; use_border_color=&#8220;on&#8220; border_color=&#8220;#ffffff&#8220; border_width=&#8220;3px&#8220; border_style=&#8220;solid&#8220; button_text_color_hover=&#8220;#ffffff&#8220; button_border_radius_hover=&#8220;0&#8243; button_bg_color_hover=&#8220;#000000&#8243; global_colors_info=&#8220;{}&#8220; button_text_size__hover_enabled=&#8220;off&#8220; button_one_text_size__hover_enabled=&#8220;off&#8220; button_two_text_size__hover_enabled=&#8220;off&#8220; button_text_color__hover_enabled=&#8220;on|hover&#8220; button_text_color__hover=&#8220;#FFFFFF&#8220; button_one_text_color__hover_enabled=&#8220;off&#8220; button_two_text_color__hover_enabled=&#8220;off&#8220; button_border_width__hover_enabled=&#8220;off&#8220; button_one_border_width__hover_enabled=&#8220;off&#8220; button_two_border_width__hover_enabled=&#8220;off&#8220; button_border_color__hover_enabled=&#8220;on|hover&#8220; button_one_border_color__hover_enabled=&#8220;off&#8220; button_two_border_color__hover_enabled=&#8220;off&#8220; button_border_radius__hover_enabled=&#8220;on|desktop&#8220; button_border_radius__hover=&#8220;0&#8243; button_one_border_radius__hover_enabled=&#8220;off&#8220; button_two_border_radius__hover_enabled=&#8220;off&#8220; button_letter_spacing__hover_enabled=&#8220;off&#8220; button_one_letter_spacing__hover_enabled=&#8220;off&#8220; button_two_letter_spacing__hover_enabled=&#8220;off&#8220; button_bg_color__hover_enabled=&#8220;on|desktop&#8220; button_one_bg_color__hover_enabled=&#8220;off&#8220; button_two_bg_color__hover_enabled=&#8220;off&#8220; button_bg_enable_color__hover=&#8220;on&#8220; button_border_color__hover=&#8220;rgba(255,255,255,0.5)&#8220; button_bg_color__hover=&#8220;#AB2849&#8243;][\/et_pb_cta][\/et_pb_column][et_pb_column type=&#8220;3_5&#8243; _builder_version=&#8220;4.16&#8243; _module_preset=&#8220;default&#8220; global_colors_info=&#8220;{}&#8220;][et_pb_cta button_url=&#8220;#overlay&#8220; button_text=&#8220;Italian Lovers &#8211; im garten venedigs&#8220; admin_label=&#8220;IMAGE BUTTON #2&#8243; module_id=&#8220;overlay_unique_id_257630&#8243; _builder_version=&#8220;4.27.4&#8243; use_background_color=&#8220;off&#8220; background_image=&#8220;https:\/\/www.wedding-vienna.com\/wp-content\/uploads\/2021\/01\/Villa-ca-marcello-7.jpg&#8220; background_size=&#8220;initial&#8220; background_position=&#8220;top_left&#8220; background_repeat=&#8220;repeat&#8220; custom_button=&#8220;on&#8220; button_text_size=&#8220;18px&#8220; button_text_color=&#8220;#AB2849&#8243; button_bg_color=&#8220;#e5d7ba&#8220; button_border_width=&#8220;0px&#8220; button_border_color=&#8220;#ffffff&#8220; button_border_radius=&#8220;0&#8243; button_font=&#8220;Raleway|||on|||||&#8220; button_use_icon=&#8220;off&#8220; background_layout=&#8220;light&#8220; height=&#8220;50%&#8220; custom_margin=&#8220;0px|0px|0px|0px&#8220; custom_padding=&#8220;200px||84px|||&#8220; custom_padding_tablet=&#8220;220px||220px|&#8220; custom_padding_phone=&#8220;150px|20px|150px|20px|false|true&#8220; custom_padding_last_edited=&#8220;on|phone&#8220; button_text_size_tablet=&#8220;18px&#8220; button_text_size_phone=&#8220;16px&#8220; button_text_size_last_edited=&#8220;on|phone&#8220; custom_css_main_element=&#8220;background-size: inherit;||&#8220; border_width_all=&#8220;3px&#8220; border_color_all=&#8220;#ffffff&#8220; use_border_color=&#8220;on&#8220; border_color=&#8220;#ffffff&#8220; border_width=&#8220;3px&#8220; border_style=&#8220;solid&#8220; button_text_color_hover=&#8220;#ffffff&#8220; button_border_radius_hover=&#8220;0&#8243; button_bg_color_hover=&#8220;#000000&#8243; global_colors_info=&#8220;{}&#8220; button_text_size__hover_enabled=&#8220;off&#8220; button_one_text_size__hover_enabled=&#8220;off&#8220; button_two_text_size__hover_enabled=&#8220;off&#8220; button_text_color__hover_enabled=&#8220;on|hover&#8220; button_text_color__hover=&#8220;#FFFFFF&#8220; button_one_text_color__hover_enabled=&#8220;off&#8220; button_two_text_color__hover_enabled=&#8220;off&#8220; button_border_width__hover_enabled=&#8220;off&#8220; button_one_border_width__hover_enabled=&#8220;off&#8220; button_two_border_width__hover_enabled=&#8220;off&#8220; button_border_color__hover_enabled=&#8220;on|hover&#8220; button_one_border_color__hover_enabled=&#8220;off&#8220; button_two_border_color__hover_enabled=&#8220;off&#8220; button_border_radius__hover_enabled=&#8220;on|desktop&#8220; button_border_radius__hover=&#8220;0&#8243; button_one_border_radius__hover_enabled=&#8220;off&#8220; button_two_border_radius__hover_enabled=&#8220;off&#8220; button_letter_spacing__hover_enabled=&#8220;off&#8220; button_one_letter_spacing__hover_enabled=&#8220;off&#8220; button_two_letter_spacing__hover_enabled=&#8220;off&#8220; button_bg_color__hover_enabled=&#8220;on|desktop&#8220; button_one_bg_color__hover_enabled=&#8220;off&#8220; button_two_bg_color__hover_enabled=&#8220;off&#8220; button_border_color__hover=&#8220;rgba(255,255,255,0.5)&#8220; button_bg_color__hover=&#8220;#AB2849&#8243; button_bg_enable_color__hover=&#8220;on&#8220;][\/et_pb_cta][et_pb_cta button_url=&#8220;#overlay&#8220; button_text=&#8220;Samos &#8211; Big Greek Wedding&#8220; admin_label=&#8220;IMAGE BUTTON #2&#8243; module_id=&#8220;overlay_unique_id_257637&#8243; _builder_version=&#8220;4.19.5&#8243; use_background_color=&#8220;off&#8220; background_image=&#8220;https:\/\/www.wedding-vienna.com\/wp-content\/uploads\/2021\/01\/20170907_190104.jpg&#8220; background_size=&#8220;initial&#8220; background_position=&#8220;top_left&#8220; background_repeat=&#8220;repeat&#8220; custom_button=&#8220;on&#8220; button_text_size=&#8220;18px&#8220; button_text_color=&#8220;#AB2849&#8243; button_bg_color=&#8220;#e5d7ba&#8220; button_border_width=&#8220;0px&#8220; button_border_color=&#8220;#ffffff&#8220; button_border_radius=&#8220;0&#8243; button_font=&#8220;Raleway|||on|||||&#8220; button_use_icon=&#8220;off&#8220; background_layout=&#8220;light&#8220; height=&#8220;50%&#8220; custom_margin=&#8220;0px|0px|0px|0px&#8220; custom_padding=&#8220;200px||40px||false|false&#8220; custom_padding_tablet=&#8220;220px||220px|&#8220; custom_padding_phone=&#8220;150px|20px|150px|20px|false|true&#8220; custom_padding_last_edited=&#8220;on|phone&#8220; button_text_size_tablet=&#8220;18px&#8220; button_text_size_phone=&#8220;16px&#8220; button_text_size_last_edited=&#8220;on|phone&#8220; custom_css_main_element=&#8220;background-size: inherit;||&#8220; border_width_all=&#8220;3px&#8220; border_color_all=&#8220;#ffffff&#8220; use_border_color=&#8220;on&#8220; border_color=&#8220;#ffffff&#8220; border_width=&#8220;3px&#8220; border_style=&#8220;solid&#8220; button_text_color_hover=&#8220;#ffffff&#8220; button_border_radius_hover=&#8220;0&#8243; button_bg_color_hover=&#8220;#000000&#8243; global_colors_info=&#8220;{}&#8220; button_text_size__hover_enabled=&#8220;off&#8220; button_one_text_size__hover_enabled=&#8220;off&#8220; button_two_text_size__hover_enabled=&#8220;off&#8220; button_text_color__hover_enabled=&#8220;on|hover&#8220; button_text_color__hover=&#8220;#FFFFFF&#8220; button_one_text_color__hover_enabled=&#8220;off&#8220; button_two_text_color__hover_enabled=&#8220;off&#8220; button_border_width__hover_enabled=&#8220;off&#8220; button_one_border_width__hover_enabled=&#8220;off&#8220; button_two_border_width__hover_enabled=&#8220;off&#8220; button_border_color__hover_enabled=&#8220;on|hover&#8220; button_one_border_color__hover_enabled=&#8220;off&#8220; button_two_border_color__hover_enabled=&#8220;off&#8220; button_border_radius__hover_enabled=&#8220;on|desktop&#8220; button_border_radius__hover=&#8220;0&#8243; button_one_border_radius__hover_enabled=&#8220;off&#8220; button_two_border_radius__hover_enabled=&#8220;off&#8220; button_letter_spacing__hover_enabled=&#8220;off&#8220; button_one_letter_spacing__hover_enabled=&#8220;off&#8220; button_two_letter_spacing__hover_enabled=&#8220;off&#8220; button_bg_color__hover_enabled=&#8220;on|desktop&#8220; button_one_bg_color__hover_enabled=&#8220;off&#8220; button_two_bg_color__hover_enabled=&#8220;off&#8220; button_border_color__hover=&#8220;rgba(255,255,255,0.5)&#8220; button_bg_color__hover=&#8220;#AB2849&#8243; button_bg_enable_color__hover=&#8220;on&#8220;][\/et_pb_cta][\/et_pb_column][\/et_pb_row][\/et_pb_section][et_pb_section fb_built=&#8220;1&#8243; _builder_version=&#8220;4.27.4&#8243; custom_padding=&#8220;0px||0px|||&#8220; global_colors_info=&#8220;{}&#8220; background_color=&#8220;#AB2849&#8243; background_image=&#8220;https:\/\/www.wedding-vienna.com\/wp-content\/uploads\/2023\/02\/Schmetterlinge-021-min.png&#8220; background_size=&#8220;contain&#8220; background_repeat=&#8220;repeat&#8220; background_blend=&#8220;multiply&#8220;][et_pb_row use_custom_gutter=&#8220;on&#8220; gutter_width=&#8220;1&#8243; custom_padding_last_edited=&#8220;on|phone&#8220; _builder_version=&#8220;4.27.5&#8243; _module_preset=&#8220;default&#8220; background_color=&#8220;#FFFFFF&#8220; background_size=&#8220;initial&#8220; background_position=&#8220;top_left&#8220; background_repeat=&#8220;repeat&#8220; width=&#8220;85%&#8220; max_width=&#8220;95%&#8220; custom_padding=&#8220;0px|10%|0px|10%|false|true&#8220; custom_padding_tablet=&#8220;0px|18%|0px|18%|false|true&#8220; custom_padding_phone=&#8220;0px|5%|0px|5%|false|true&#8220; hover_enabled=&#8220;0&#8243; global_colors_info=&#8220;{}&#8220; sticky_enabled=&#8220;0&#8243;][et_pb_column type=&#8220;4_4&#8243; _builder_version=&#8220;4.19.5&#8243; _module_preset=&#8220;default&#8220; custom_padding=&#8220;||||false|false&#8220; global_colors_info=&#8220;{}&#8220;][et_pb_cta button_url=&#8220;#overlay&#8220; button_text=&#8220;Lignano Pineta&#8220; disabled_on=&#8220;off|off|off&#8220; admin_label=&#8220;IMAGE BUTTON #2&#8243; module_id=&#8220;overlay_unique_id_258656&#8243; _builder_version=&#8220;4.21.0&#8243; use_background_color=&#8220;off&#8220; background_image=&#8220;https:\/\/www.wedding-vienna.com\/wp-content\/uploads\/2023\/07\/Lignano-Pineta-Lagune.jpg&#8220; background_size=&#8220;initial&#8220; background_repeat=&#8220;repeat&#8220; custom_button=&#8220;on&#8220; button_text_size=&#8220;18px&#8220; button_text_color=&#8220;#AB2849&#8243; button_bg_color=&#8220;#e5d7ba&#8220; button_border_width=&#8220;0px&#8220; button_border_color=&#8220;#ffffff&#8220; button_border_radius=&#8220;0&#8243; button_font=&#8220;Raleway|||on|||||&#8220; button_use_icon=&#8220;off&#8220; background_layout=&#8220;light&#8220; height=&#8220;30%&#8220; custom_padding=&#8220;100px||100px||true|false&#8220; custom_padding_tablet=&#8220;220px||220px|&#8220; custom_padding_phone=&#8220;50px|20px|50px|20px|true|true&#8220; custom_padding_last_edited=&#8220;on|phone&#8220; button_text_size_tablet=&#8220;18px&#8220; button_text_size_phone=&#8220;16px&#8220; button_text_size_last_edited=&#8220;on|phone&#8220; custom_css_main_element=&#8220;background-size: inherit;||&#8220; border_width_all=&#8220;3px&#8220; border_color_all=&#8220;#ffffff&#8220; use_border_color=&#8220;on&#8220; border_color=&#8220;#ffffff&#8220; border_width=&#8220;3px&#8220; border_style=&#8220;solid&#8220; button_text_color_hover=&#8220;#ffffff&#8220; button_border_radius_hover=&#8220;0&#8243; button_bg_color_hover=&#8220;#000000&#8243; global_colors_info=&#8220;{}&#8220; button_text_size__hover_enabled=&#8220;off&#8220; button_one_text_size__hover_enabled=&#8220;off&#8220; button_two_text_size__hover_enabled=&#8220;off&#8220; button_text_color__hover_enabled=&#8220;on|hover&#8220; button_text_color__hover=&#8220;#FFFFFF&#8220; button_one_text_color__hover_enabled=&#8220;off&#8220; button_two_text_color__hover_enabled=&#8220;off&#8220; button_border_width__hover_enabled=&#8220;off&#8220; button_one_border_width__hover_enabled=&#8220;off&#8220; button_two_border_width__hover_enabled=&#8220;off&#8220; button_border_color__hover_enabled=&#8220;on|hover&#8220; button_one_border_color__hover_enabled=&#8220;off&#8220; button_two_border_color__hover_enabled=&#8220;off&#8220; button_border_radius__hover_enabled=&#8220;on|desktop&#8220; button_border_radius__hover=&#8220;0&#8243; button_one_border_radius__hover_enabled=&#8220;off&#8220; button_two_border_radius__hover_enabled=&#8220;off&#8220; button_letter_spacing__hover_enabled=&#8220;off&#8220; button_one_letter_spacing__hover_enabled=&#8220;off&#8220; button_two_letter_spacing__hover_enabled=&#8220;off&#8220; button_bg_color__hover_enabled=&#8220;on|desktop&#8220; button_one_bg_color__hover_enabled=&#8220;off&#8220; button_two_bg_color__hover_enabled=&#8220;off&#8220; button_border_color__hover=&#8220;rgba(255,255,255,0.5)&#8220; button_bg_color__hover=&#8220;#AB2849&#8243; button_bg_enable_color__hover=&#8220;on&#8220;][\/et_pb_cta][et_pb_cta button_url=&#8220;#overlay&#8220; button_text=&#8220;Rotweindorf Horitschon&#8220; disabled_on=&#8220;on|on|on&#8220; admin_label=&#8220;IMAGE BUTTON #2&#8243; module_id=&#8220;overlay_unique_id_258637&#8243; _builder_version=&#8220;4.21.0&#8243; use_background_color=&#8220;off&#8220; background_image=&#8220;https:\/\/www.wedding-vienna.com\/wp-content\/uploads\/2021\/11\/Bully-und-Paar.jpg&#8220; background_size=&#8220;initial&#8220; background_repeat=&#8220;repeat&#8220; custom_button=&#8220;on&#8220; button_text_size=&#8220;18px&#8220; button_text_color=&#8220;#AB2849&#8243; button_bg_color=&#8220;#e5d7ba&#8220; button_border_width=&#8220;0px&#8220; button_border_color=&#8220;#ffffff&#8220; button_border_radius=&#8220;0&#8243; button_font=&#8220;Raleway|||on|||||&#8220; button_use_icon=&#8220;off&#8220; background_layout=&#8220;light&#8220; height=&#8220;30%&#8220; custom_padding=&#8220;100px||100px||true|false&#8220; custom_padding_tablet=&#8220;220px||220px|&#8220; custom_padding_phone=&#8220;50px|20px|50px|20px|true|true&#8220; custom_padding_last_edited=&#8220;on|phone&#8220; button_text_size_tablet=&#8220;18px&#8220; button_text_size_phone=&#8220;16px&#8220; button_text_size_last_edited=&#8220;on|phone&#8220; custom_css_main_element=&#8220;background-size: inherit;||&#8220; border_width_all=&#8220;3px&#8220; border_color_all=&#8220;#ffffff&#8220; use_border_color=&#8220;on&#8220; border_color=&#8220;#ffffff&#8220; border_width=&#8220;3px&#8220; border_style=&#8220;solid&#8220; button_text_color_hover=&#8220;#ffffff&#8220; button_border_radius_hover=&#8220;0&#8243; button_bg_color_hover=&#8220;#000000&#8243; disabled=&#8220;on&#8220; global_colors_info=&#8220;{}&#8220; button_text_size__hover_enabled=&#8220;off&#8220; button_one_text_size__hover_enabled=&#8220;off&#8220; button_two_text_size__hover_enabled=&#8220;off&#8220; button_text_color__hover_enabled=&#8220;on|hover&#8220; button_text_color__hover=&#8220;#FFFFFF&#8220; button_one_text_color__hover_enabled=&#8220;off&#8220; button_two_text_color__hover_enabled=&#8220;off&#8220; button_border_width__hover_enabled=&#8220;off&#8220; button_one_border_width__hover_enabled=&#8220;off&#8220; button_two_border_width__hover_enabled=&#8220;off&#8220; button_border_color__hover_enabled=&#8220;on|hover&#8220; button_one_border_color__hover_enabled=&#8220;off&#8220; button_two_border_color__hover_enabled=&#8220;off&#8220; button_border_radius__hover_enabled=&#8220;on|desktop&#8220; button_border_radius__hover=&#8220;0&#8243; button_one_border_radius__hover_enabled=&#8220;off&#8220; button_two_border_radius__hover_enabled=&#8220;off&#8220; button_letter_spacing__hover_enabled=&#8220;off&#8220; button_one_letter_spacing__hover_enabled=&#8220;off&#8220; button_two_letter_spacing__hover_enabled=&#8220;off&#8220; button_bg_color__hover_enabled=&#8220;on|desktop&#8220; button_one_bg_color__hover_enabled=&#8220;off&#8220; button_two_bg_color__hover_enabled=&#8220;off&#8220; button_border_color__hover=&#8220;rgba(255,255,255,0.5)&#8220; button_bg_color__hover=&#8220;#AB2849&#8243; button_bg_enable_color__hover=&#8220;on&#8220;][\/et_pb_cta][et_pb_image src=&#8220;https:\/\/www.wedding-vienna.com\/wp-content\/uploads\/2023\/02\/mondial_logo.png&#8220; alt=&#8220;Mondial &#8211; Reiseb\u00fcropartner von Wedding-Vienna&#8220; title_text=&#8220;mondial_logo&#8220; url=&#8220;https:\/\/www.mondial.at\/&#8220; url_new_window=&#8220;on&#8220; align=&#8220;center&#8220; _builder_version=&#8220;4.19.5&#8243; _module_preset=&#8220;default&#8220; width=&#8220;15%&#8220; width_tablet=&#8220;15%&#8220; width_phone=&#8220;35%&#8220; width_last_edited=&#8220;on|phone&#8220; custom_margin=&#8220;20px||20px||true|false&#8220; global_colors_info=&#8220;{}&#8220; width__hover_enabled=&#8220;on|desktop&#8220; width__hover=&#8220;15%&#8220;][\/et_pb_image][et_pb_text _builder_version=&#8220;4.19.5&#8243; _module_preset=&#8220;default&#8220; text_orientation=&#8220;center&#8220; custom_margin=&#8220;||30px||false|false&#8220; text_font_size_tablet=&#8220;&#8220; text_font_size_phone=&#8220;14px&#8220; text_font_size_last_edited=&#8220;on|phone&#8220; text_line_height_tablet=&#8220;&#8220; text_line_height_phone=&#8220;1.5em&#8220; text_line_height_last_edited=&#8220;on|phone&#8220; global_colors_info=&#8220;{}&#8220;]<\/p>\n<p class=\" translation-block\">A frank word: It is not the job of the wedding planner to take over travel agency activities. Nevertheless, there are points of contact that contribute to the success of the wedding.  Wedding-Vienna also works here with people we trust. <a href=\"https:\/\/www.mondial.at\/\" target=\"_blank\" rel=\"noopener\">Mondial<\/a> is our recommended travel agency partner.<\/p>\n<p>[\/et_pb_text][\/et_pb_column][\/et_pb_row][\/et_pb_section]<\/p>","protected":false},"excerpt":{"rendered":"<p>Besondere Orte |Wedding Destinations Traumpl\u00e4tze um das einmalige Ereignis \u201eHochzeit\u201c zu feiern, gibt es viele. In Wien, in \u00d6sterreich, auf der ganzen Welt.Solche, bei denen wir uns besonders gut auskennen, am Puls der Zeit sind und mit tollen Partnern arbeiten, haben wir hier herausgestellt. Als Anregung f\u00fcr Euch. Vielleicht bekr\u00e4ftigt das Euren gew\u00fcnschten Hochzeitsort nochmals [&hellip;]<\/p>","protected":false},"author":1,"featured_media":0,"parent":0,"menu_order":0,"comment_status":"closed","ping_status":"closed","template":"","meta":{"_et_pb_use_builder":"on","_et_pb_old_content":"","_et_gb_content_width":"","footnotes":""},"class_list":["post-981","page","type-page","status-publish","hentry"],"_links":{"self":[{"href":"https:\/\/www.wedding-vienna.com\/en\/wp-json\/wp\/v2\/pages\/981","targetHints":{"allow":["GET"]}}],"collection":[{"href":"https:\/\/www.wedding-vienna.com\/en\/wp-json\/wp\/v2\/pages"}],"about":[{"href":"https:\/\/www.wedding-vienna.com\/en\/wp-json\/wp\/v2\/types\/page"}],"author":[{"embeddable":true,"href":"https:\/\/www.wedding-vienna.com\/en\/wp-json\/wp\/v2\/users\/1"}],"replies":[{"embeddable":true,"href":"https:\/\/www.wedding-vienna.com\/en\/wp-json\/wp\/v2\/comments?post=981"}],"version-history":[{"count":5,"href":"https:\/\/www.wedding-vienna.com\/en\/wp-json\/wp\/v2\/pages\/981\/revisions"}],"predecessor-version":[{"id":259089,"href":"https:\/\/www.wedding-vienna.com\/en\/wp-json\/wp\/v2\/pages\/981\/revisions\/259089"}],"wp:attachment":[{"href":"https:\/\/www.wedding-vienna.com\/en\/wp-json\/wp\/v2\/media?parent=981"}],"curies":[{"name":"wp","href":"https:\/\/api.w.org\/{rel}","templated":true}]}}