{"id":931,"date":"2021-01-14T10:08:05","date_gmt":"2021-01-14T10:08:05","guid":{"rendered":"http:\/\/test05.web128.s96.goserver.host\/?page_id=931"},"modified":"2023-02-19T09:16:31","modified_gmt":"2023-02-19T08:16:31","slug":"heiraten-in-wien","status":"publish","type":"page","link":"https:\/\/www.wedding-vienna.com\/en\/heiraten-in-wien\/","title":{"rendered":"Wien"},"content":{"rendered":"<p>[et_pb_section fb_built=&#8220;1&#8243; fullwidth=&#8220;on&#8220; custom_padding_last_edited=&#8220;on|desktop&#8220; _builder_version=&#8220;4.18.0&#8243; custom_padding=&#8220;0px|0px|28px|0px&#8220; custom_padding_tablet=&#8220;50px|0|50px|0&#8243; custom_padding_phone=&#8220;3px|0|1px|0||&#8220; transparent_background=&#8220;off&#8220; global_colors_info=&#8220;{}&#8220;][et_pb_fullwidth_image src=&#8220;https:\/\/www.wedding-vienna.com\/wp-content\/uploads\/2021\/01\/Wiener_Hommage_an_das_Leben.jpg&#8220; alt=&#8220;Typisch Wien mit Fiaker und mitten im Prater&#8220; title_text=&#8220;Hommage an das gemeinsame Leben &#8211; Wiener Hochzeit&#8220; _builder_version=&#8220;4.16&#8243; animation_direction=&#8220;left&#8220; global_colors_info=&#8220;{}&#8220;]&nbsp;<br \/>\n[\/et_pb_fullwidth_image][\/et_pb_section][et_pb_section fb_built=&#8220;1&#8243; _builder_version=&#8220;4.16&#8243; custom_padding=&#8220;3px|0px|0px|0px||&#8220; global_colors_info=&#8220;{}&#8220;][et_pb_row _builder_version=&#8220;4.16&#8243; background_size=&#8220;initial&#8220; background_position=&#8220;top_left&#8220; background_repeat=&#8220;repeat&#8220; custom_padding=&#8220;20px|0px|0|0px&#8220; global_colors_info=&#8220;{}&#8220;][et_pb_column type=&#8220;4_4&#8243; _builder_version=&#8220;4.16&#8243; custom_padding=&#8220;|||&#8220; global_colors_info=&#8220;{}&#8220; custom_padding__hover=&#8220;|||&#8220;][et_pb_text admin_label=&#8220;Hommage an das gemeinsame Leben&#8220; _builder_version=&#8220;4.17.2&#8243; header_font=&#8220;||||||||&#8220; header_font_size=&#8220;57px&#8220; background_size=&#8220;initial&#8220; background_position=&#8220;top_left&#8220; background_repeat=&#8220;repeat&#8220; text_orientation=&#8220;center&#8220; module_alignment=&#8220;center&#8220; custom_margin=&#8220;||1px|||&#8220; hover_enabled=&#8220;0&#8243; use_border_color=&#8220;off&#8220; saved_tabs=&#8220;all&#8220; global_colors_info=&#8220;{}&#8220; sticky_enabled=&#8220;0&#8243;]<\/p>\n<h1>Heiraten in Wien ist ein Lebensgef\u00fchl.<br \/>Eine Hommage an das gemeinsame Leben.<\/h1>\n<p>[\/et_pb_text][et_pb_image align_tablet=&#8220;center&#8220; align_phone=&#8220;&#8220; align_last_edited=&#8220;on|desktop&#8220; _builder_version=&#8220;4.16&#8243; global_colors_info=&#8220;{}&#8220;]&nbsp;<br \/>\n[\/et_pb_image][\/et_pb_column][\/et_pb_row][et_pb_row _builder_version=&#8220;4.16&#8243; custom_padding=&#8220;12px|0px|0px|0px||&#8220; global_colors_info=&#8220;{}&#8220;][et_pb_column type=&#8220;4_4&#8243; _builder_version=&#8220;4.16&#8243; custom_padding=&#8220;|||&#8220; global_colors_info=&#8220;{}&#8220; custom_padding__hover=&#8220;|||&#8220;][et_pb_image src=&#8220;https:\/\/www.wedding-vienna.com\/wp-content\/uploads\/2021\/01\/Schleife_rot.png&#8220; align=&#8220;center&#8220; _builder_version=&#8220;4.16&#8243; global_colors_info=&#8220;{}&#8220;][\/et_pb_image][\/et_pb_column][\/et_pb_row][et_pb_row admin_label=&#8220;Wedding Vienna hei\u00dft nicht umsonst Wedding-Vienna&#8220; _builder_version=&#8220;4.16&#8243; background_size=&#8220;initial&#8220; background_position=&#8220;top_left&#8220; background_repeat=&#8220;repeat&#8220; custom_padding=&#8220;27px|0px|0|0px&#8220; global_colors_info=&#8220;{}&#8220;][et_pb_column type=&#8220;4_4&#8243; _builder_version=&#8220;4.16&#8243; custom_padding=&#8220;|||&#8220; global_colors_info=&#8220;{}&#8220; custom_padding__hover=&#8220;|||&#8220;][et_pb_text admin_label=&#8220;Die Wiener Hausberge, Wasser, Strand &#8230;&#8220; _builder_version=&#8220;4.17.2&#8243; text_font=&#8220;Quattrocento Sans||||||||&#8220; text_line_height=&#8220;1.9em&#8220; background_size=&#8220;initial&#8220; background_position=&#8220;top_left&#8220; background_repeat=&#8220;repeat&#8220; module_alignment=&#8220;center&#8220; hover_enabled=&#8220;0&#8243; use_border_color=&#8220;off&#8220; global_colors_info=&#8220;{}&#8220; sticky_enabled=&#8220;0&#8243;]<\/p>\n<p><span style=\"color: #333333;\"><\/span><\/p>\n<p><span style=\"color: #333333;\">\u00a0WEDDING VIENNA is not called WEDDING VIENNA for nothing.<\/span><\/p>\n<p><span style=\"color: #333333;\">Die Wiener Hausberge, Wasser, Strand, Weing\u00e4rten, W\u00e4lder. Glasummantelte Skyscraper spiegeln alte Villentr\u00e4ume.<br \/><\/span><span style=\"color: #333333;\">Herrschaftliche Palais versprechen mit ihrer Pracht nach au\u00dfen, was es im Inneren zu entdecken gibt. <\/span><span style=\"color: #333333;\">Mitten im Weinberg feiern und die Stadt liegt Euch zu F\u00fc\u00dfen. JA!\u00a0<\/span><\/p>\n<p><span style=\"color: #333333;\">And it's all waiting for you.<\/span><\/p>\n<p><span style=\"color: #333333;\"><strong>How is your Vienna?<\/strong><\/span><\/p>\n<ul>\n<li><span style=\"color: #333333;\">Urban, cosmopolitan and yet unmistakably Vienna?<\/span><\/li>\n<li><span style=\"color: #333333;\">Imperial and imperial-looking?<\/span><\/li>\n<li><span style=\"color: #333333;\">Loose, casual, leiwand?<\/span><\/li>\n<\/ul>\n<p><span style=\"color: #333333;\">Wir kennen so ziemlich jeden hochzeitsw\u00fcrdigen Ort der Stadt. Haben auch schon Orte, die gar nicht f\u00fcr Hochzeiten bekannt sind, umgestaltet und hochzeitsfein herausgeputzt. z.B die Kuffner Sternwarte, das Schweizerhaus, das Lager eines persischen Teppichh\u00e4ndlers oder eine Theaterb\u00fchne. Es war immer : WOW! Weil es zu diesen Menschen gepasst hat. Was f\u00fcr Euch passt, kann ganz anders sein. Lasst es Eure Wedding-Story werden und lasst es uns herausfinden. Wir gehen mit euch einen ganz anderen, besonderen Weg und bleiben h\u00f6chst selten an einem Ort &#8222;kleben&#8220;. Es sind einfach so viele sch\u00f6ne Pl\u00e4tze, magische Orte, die wir gekonnt f\u00fcr Euch verbinden k\u00f6nnen.\u00a0 Garantiert stressfrei. Garantiert sch\u00f6n aufregend. Garantiert ein unvergesslicher Hochgenuss. Das ist heiraten in Wien mit Wedding-Vienna.<\/span><\/p>\n<p>[\/et_pb_text][dmpro_masonry_gallery _builder_version=&#8220;4.17.2&#8243; _module_preset=&#8220;default&#8220; global_colors_info=&#8220;{}&#8220;][\/dmpro_masonry_gallery][et_pb_button button_url=&#8220;https:\/\/calendly.com\/elisabeth-from-wedding-vienna\/kostenfreies-erstgespraech?back=1&#038;month=2022-05&#8243; url_new_window=&#8220;on&#8220; button_text=&#8220;Kostenfreie Erstberatung (15 Min.) vereinbaren&#8220; button_alignment=&#8220;center&#8220; button_text_tablet=&#8220;Kostenfreie Erstberatung (15 Min.) vereinbaren&#8220; button_text_phone=&#8220;Kostenfreie Erstberatung (15 Min.)&#8220; button_text_last_edited=&#8220;on|desktop&#8220; button_alignment_tablet=&#8220;left&#8220; button_alignment_phone=&#8220;left&#8220; button_alignment_last_edited=&#8220;on|tablet&#8220; _builder_version=&#8220;4.17.4&#8243; custom_button=&#8220;on&#8220; button_text_size=&#8220;18px&#8220; button_text_color=&#8220;#000000&#8243; button_bg_use_color_gradient=&#8220;on&#8220; button_bg_color_gradient_type=&#8220;circular&#8220; button_bg_color_gradient_stops=&#8220;#fded98 0%|#c18e23 100%&#8220; button_bg_color_gradient_start=&#8220;#fded98&#8243; button_bg_color_gradient_end=&#8220;#c18e23&#8243; button_border_width=&#8220;0px&#8220; button_border_color=&#8220;RGBA(255,255,255,0)&#8220; button_border_radius=&#8220;50px&#8220; button_letter_spacing=&#8220;1px&#8220; button_font=&#8220;|600|||||||&#8220; button_use_icon=&#8220;off&#8220; custom_margin=&#8220;||50px||false|false&#8220; custom_margin_tablet=&#8220;||50px||false|false&#8220; custom_margin_phone=&#8220;||15px||false|false&#8220; custom_margin_last_edited=&#8220;on|phone&#8220; custom_padding=&#8220;15px|35px|15px|35px|true|true&#8220; custom_padding_tablet=&#8220;15px|35px|15px|35px|true|true&#8220; custom_padding_phone=&#8220;10px|10px|10px|10px|true|true&#8220; custom_padding_last_edited=&#8220;on|phone&#8220; animation_direction=&#8220;bottom&#8220; button_text_size_tablet=&#8220;18px&#8220; button_text_size_phone=&#8220;14px&#8220; button_text_size_last_edited=&#8220;on|phone&#8220; button_bg_color_gradient_stops_tablet=&#8220;#fded98 0%|#c18e23 100%&#8220; button_bg_color_gradient_stops_phone=&#8220;#fded98 0%|#c18e23 100%&#8220; box_shadow_style=&#8220;preset1&#8243; global_module=&#8220;256698&#8243; saved_tabs=&#8220;all&#8220; global_colors_info=&#8220;{}&#8220; button_bg_color__hover=&#8220;#AB2849&#8243; button_bg_color__hover_enabled=&#8220;on|hover&#8220; button_text_color__hover=&#8220;#ffffff&#8220; button_text_color__hover_enabled=&#8220;on|desktop&#8220; button_border_color__hover=&#8220;#c9b7bd&#8220; button_border_color__hover_enabled=&#8220;on&#8220; button_bg_enable_color__hover=&#8220;on&#8220; button_bg_use_color_gradient__hover=&#8220;off&#8220;][\/et_pb_button][et_pb_image align_tablet=&#8220;center&#8220; align_phone=&#8220;&#8220; align_last_edited=&#8220;on|desktop&#8220; _builder_version=&#8220;4.16&#8243; global_colors_info=&#8220;{}&#8220;]&nbsp;<br \/>\n[\/et_pb_image][\/et_pb_column][\/et_pb_row][et_pb_row _builder_version=&#8220;4.16&#8243; custom_padding=&#8220;11px|0px|6px|0px||&#8220; global_colors_info=&#8220;{}&#8220;][et_pb_column type=&#8220;4_4&#8243; _builder_version=&#8220;4.16&#8243; custom_padding=&#8220;|||&#8220; global_colors_info=&#8220;{}&#8220; custom_padding__hover=&#8220;|||&#8220;][et_pb_image src=&#8220;https:\/\/www.wedding-vienna.com\/wp-content\/uploads\/2021\/01\/Schleife_rot.png&#8220; align=&#8220;center&#8220; _builder_version=&#8220;4.16&#8243; global_colors_info=&#8220;{}&#8220;][\/et_pb_image][\/et_pb_column][\/et_pb_row][et_pb_row _builder_version=&#8220;4.16&#8243; background_size=&#8220;initial&#8220; background_position=&#8220;top_left&#8220; background_repeat=&#8220;repeat&#8220; custom_padding=&#8220;50px|0px|27px|0px&#8220; global_colors_info=&#8220;{}&#8220;][et_pb_column type=&#8220;4_4&#8243; _builder_version=&#8220;4.16&#8243; custom_padding=&#8220;|||&#8220; global_colors_info=&#8220;{}&#8220; custom_padding__hover=&#8220;|||&#8220;][et_pb_text admin_label=&#8220;Wie wienerisch m\u00f6chtet Ihr heiraten?&#8220; _builder_version=&#8220;4.17.2&#8243; header_font_size=&#8220;57px&#8220; background_size=&#8220;initial&#8220; background_position=&#8220;top_left&#8220; background_repeat=&#8220;repeat&#8220; text_orientation=&#8220;center&#8220; module_alignment=&#8220;center&#8220; hover_enabled=&#8220;0&#8243; use_border_color=&#8220;off&#8220; global_colors_info=&#8220;{}&#8220; sticky_enabled=&#8220;0&#8243;]<\/p>\n<h1>Welches Wien will Eure Hochzeit?<\/h1>\n<p>[\/et_pb_text][\/et_pb_column][\/et_pb_row][\/et_pb_section]<\/p>","protected":false},"excerpt":{"rendered":"<p>&nbsp; Heiraten in Wien ist ein Lebensgef\u00fchl.Eine Hommage an das gemeinsame Leben.&nbsp; \u00a0Das\u00a0 WEDDING-VIENNA hei\u00dft nicht umsonst WEDDING-VIENNA. Die Wiener Hausberge, Wasser, Strand, Weing\u00e4rten, W\u00e4lder. Glasummantelte Skyscraper spiegeln alte Villentr\u00e4ume.Herrschaftliche Palais versprechen mit ihrer Pracht nach au\u00dfen, was es im Inneren zu entdecken gibt. Mitten im Weinberg feiern und die Stadt liegt Euch zu F\u00fc\u00dfen. [&hellip;]<\/p>","protected":false},"author":1,"featured_media":0,"parent":0,"menu_order":0,"comment_status":"closed","ping_status":"closed","template":"","meta":{"_et_pb_use_builder":"on","_et_pb_old_content":"","_et_gb_content_width":"","footnotes":""},"class_list":["post-931","page","type-page","status-publish","hentry"],"_links":{"self":[{"href":"https:\/\/www.wedding-vienna.com\/en\/wp-json\/wp\/v2\/pages\/931","targetHints":{"allow":["GET"]}}],"collection":[{"href":"https:\/\/www.wedding-vienna.com\/en\/wp-json\/wp\/v2\/pages"}],"about":[{"href":"https:\/\/www.wedding-vienna.com\/en\/wp-json\/wp\/v2\/types\/page"}],"author":[{"embeddable":true,"href":"https:\/\/www.wedding-vienna.com\/en\/wp-json\/wp\/v2\/users\/1"}],"replies":[{"embeddable":true,"href":"https:\/\/www.wedding-vienna.com\/en\/wp-json\/wp\/v2\/comments?post=931"}],"version-history":[{"count":5,"href":"https:\/\/www.wedding-vienna.com\/en\/wp-json\/wp\/v2\/pages\/931\/revisions"}],"predecessor-version":[{"id":257944,"href":"https:\/\/www.wedding-vienna.com\/en\/wp-json\/wp\/v2\/pages\/931\/revisions\/257944"}],"wp:attachment":[{"href":"https:\/\/www.wedding-vienna.com\/en\/wp-json\/wp\/v2\/media?parent=931"}],"curies":[{"name":"wp","href":"https:\/\/api.w.org\/{rel}","templated":true}]}}