{"id":256141,"date":"2021-11-05T12:34:59","date_gmt":"2021-11-05T12:34:59","guid":{"rendered":"https:\/\/www.wedding-vienna.com\/?page_id=256141"},"modified":"2022-08-12T11:04:01","modified_gmt":"2022-08-12T09:04:01","slug":"freie-trauung","status":"publish","type":"page","link":"https:\/\/www.wedding-vienna.com\/en\/freie-trauung\/","title":{"rendered":"Free wedding ceremony"},"content":{"rendered":"<p>[et_pb_section fb_built=&#8220;1&#8243; _builder_version=&#8220;4.17.4&#8243; _module_preset=&#8220;default&#8220; background_image=&#8220;https:\/\/www.wedding-vienna.com\/wp-content\/uploads\/2021\/11\/Freie-Trauung-Elisabeth-Brandl-2.jpg&#8220; height=&#8220;75vh&#8220; height_tablet=&#8220;50vh&#8220; height_phone=&#8220;40vh&#8220; height_last_edited=&#8220;on|desktop&#8220; custom_padding=&#8220;134px||486px|||&#8220; locked=&#8220;off&#8220; global_colors_info=&#8220;{}&#8220;][et_pb_row column_structure=&#8220;1_2,1_4,1_4&#8243; custom_padding_last_edited=&#8220;on|phone&#8220; _builder_version=&#8220;4.16&#8243; _module_preset=&#8220;default&#8220; width=&#8220;100%&#8220; max_width=&#8220;100%&#8220; min_height=&#8220;304.7px&#8220; custom_padding=&#8220;50px||0px|80px|false|false&#8220; custom_padding_tablet=&#8220;250px||||false|false&#8220; custom_padding_phone=&#8220;170px||||false|false&#8220; locked=&#8220;off&#8220; global_colors_info=&#8220;{}&#8220;][et_pb_column type=&#8220;1_2&#8243; _builder_version=&#8220;4.16&#8243; _module_preset=&#8220;default&#8220; global_colors_info=&#8220;{}&#8220;][et_pb_text _builder_version=&#8220;4.17.4&#8243; _module_preset=&#8220;default&#8220; text_font=&#8220;Raleway|300|||||||&#8220; text_text_color=&#8220;#ffffff&#8220; text_font_size=&#8220;47px&#8220; text_line_height=&#8220;1.3em&#8220; background_color=&#8220;rgba(171,40,73,0.52)&#8220; custom_padding=&#8220;20px|20px|20px|20px|true|true&#8220; global_colors_info=&#8220;{}&#8220; width__hover_enabled=&#8220;on|desktop&#8220;]<\/p>\n<p>Free wedding ceremony<\/p>\n<p>[\/et_pb_text][et_pb_text _builder_version=&#8220;4.17.4&#8243; _module_preset=&#8220;default&#8220; text_font=&#8220;Raleway|300|||||||&#8220; text_text_color=&#8220;#ffffff&#8220; text_font_size=&#8220;47px&#8220; text_line_height=&#8220;1.3em&#8220; background_color=&#8220;rgba(171,40,73,0.52)&#8220; custom_padding=&#8220;20px|20px|20px|20px|true|true&#8220; global_colors_info=&#8220;{}&#8220;]<\/p>\n<p>Hochzeitsrednerin<\/p>\n<p>[\/et_pb_text][\/et_pb_column][et_pb_column type=&#8220;1_4&#8243; _builder_version=&#8220;4.16&#8243; _module_preset=&#8220;default&#8220; global_colors_info=&#8220;{}&#8220;][\/et_pb_column][et_pb_column type=&#8220;1_4&#8243; _builder_version=&#8220;4.16&#8243; _module_preset=&#8220;default&#8220; global_colors_info=&#8220;{}&#8220;][\/et_pb_column][\/et_pb_row][\/et_pb_section][et_pb_section fb_built=&#8220;1&#8243; admin_label=&#8220;section&#8220; _builder_version=&#8220;4.16&#8243; custom_padding=&#8220;||0px|||&#8220; global_colors_info=&#8220;{}&#8220;][et_pb_row column_structure=&#8220;2_3,1_3&#8243; admin_label=&#8220;row&#8220; _builder_version=&#8220;4.16&#8243; background_size=&#8220;initial&#8220; background_position=&#8220;top_left&#8220; background_repeat=&#8220;repeat&#8220; width=&#8220;90%&#8220; width_tablet=&#8220;90%&#8220; width_phone=&#8220;85%&#8220; width_last_edited=&#8220;on|desktop&#8220; module_alignment=&#8220;center&#8220; custom_margin=&#8220;||||false|false&#8220; custom_padding=&#8220;||4px|||&#8220; global_colors_info=&#8220;{}&#8220;][et_pb_column type=&#8220;2_3&#8243; _builder_version=&#8220;4.16&#8243; custom_padding=&#8220;||||false|false&#8220; global_colors_info=&#8220;{}&#8220; custom_padding__hover=&#8220;|||&#8220;][et_pb_text _builder_version=&#8220;4.16.1&#8243; custom_margin=&#8220;||11px|||&#8220; z_index_tablet=&#8220;500&#8243; text_text_shadow_horizontal_length_tablet=&#8220;0px&#8220; text_text_shadow_vertical_length_tablet=&#8220;0px&#8220; text_text_shadow_blur_strength_tablet=&#8220;1px&#8220; link_text_shadow_horizontal_length_tablet=&#8220;0px&#8220; link_text_shadow_vertical_length_tablet=&#8220;0px&#8220; link_text_shadow_blur_strength_tablet=&#8220;1px&#8220; ul_text_shadow_horizontal_length_tablet=&#8220;0px&#8220; ul_text_shadow_vertical_length_tablet=&#8220;0px&#8220; ul_text_shadow_blur_strength_tablet=&#8220;1px&#8220; ol_text_shadow_horizontal_length_tablet=&#8220;0px&#8220; ol_text_shadow_vertical_length_tablet=&#8220;0px&#8220; ol_text_shadow_blur_strength_tablet=&#8220;1px&#8220; quote_text_shadow_horizontal_length_tablet=&#8220;0px&#8220; quote_text_shadow_vertical_length_tablet=&#8220;0px&#8220; quote_text_shadow_blur_strength_tablet=&#8220;1px&#8220; header_text_shadow_horizontal_length_tablet=&#8220;0px&#8220; header_text_shadow_vertical_length_tablet=&#8220;0px&#8220; header_text_shadow_blur_strength_tablet=&#8220;1px&#8220; header_2_text_shadow_horizontal_length_tablet=&#8220;0px&#8220; header_2_text_shadow_vertical_length_tablet=&#8220;0px&#8220; header_2_text_shadow_blur_strength_tablet=&#8220;1px&#8220; header_3_text_shadow_horizontal_length_tablet=&#8220;0px&#8220; header_3_text_shadow_vertical_length_tablet=&#8220;0px&#8220; header_3_text_shadow_blur_strength_tablet=&#8220;1px&#8220; header_4_text_shadow_horizontal_length_tablet=&#8220;0px&#8220; header_4_text_shadow_vertical_length_tablet=&#8220;0px&#8220; header_4_text_shadow_blur_strength_tablet=&#8220;1px&#8220; header_5_text_shadow_horizontal_length_tablet=&#8220;0px&#8220; header_5_text_shadow_vertical_length_tablet=&#8220;0px&#8220; header_5_text_shadow_blur_strength_tablet=&#8220;1px&#8220; header_6_text_shadow_horizontal_length_tablet=&#8220;0px&#8220; header_6_text_shadow_vertical_length_tablet=&#8220;0px&#8220; header_6_text_shadow_blur_strength_tablet=&#8220;1px&#8220; box_shadow_horizontal_tablet=&#8220;0px&#8220; box_shadow_vertical_tablet=&#8220;0px&#8220; box_shadow_blur_tablet=&#8220;40px&#8220; box_shadow_spread_tablet=&#8220;0px&#8220; global_colors_info=&#8220;{}&#8220;]<\/p>\n<h1>Free wedding ceremony<\/h1>\n<h3>Elisabeth Brandl,<br \/>Hochzeitsrednerin f\u00fcr eure freie Trauung<\/h3>\n<p>[\/et_pb_text][et_pb_text admin_label=&#8220;The difference &#8230;&#8220; _builder_version=&#8220;4.17.0&#8243; header_text_color=&#8220;#890200&#8243; header_2_text_color=&#8220;#890200&#8243; header_4_text_color=&#8220;#AB2849&#8243; header_5_text_color=&#8220;#890200&#8243; header_6_text_color=&#8220;#882233&#8243; width=&#8220;100%&#8220; module_alignment=&#8220;center&#8220; custom_margin=&#8220;||4px|||&#8220; custom_padding=&#8220;|0px||0px||&#8220; z_index_tablet=&#8220;500&#8243; text_text_shadow_horizontal_length_tablet=&#8220;0px&#8220; text_text_shadow_vertical_length_tablet=&#8220;0px&#8220; text_text_shadow_blur_strength_tablet=&#8220;1px&#8220; link_text_shadow_horizontal_length_tablet=&#8220;0px&#8220; link_text_shadow_vertical_length_tablet=&#8220;0px&#8220; link_text_shadow_blur_strength_tablet=&#8220;1px&#8220; ul_text_shadow_horizontal_length_tablet=&#8220;0px&#8220; ul_text_shadow_vertical_length_tablet=&#8220;0px&#8220; ul_text_shadow_blur_strength_tablet=&#8220;1px&#8220; ol_text_shadow_horizontal_length_tablet=&#8220;0px&#8220; ol_text_shadow_vertical_length_tablet=&#8220;0px&#8220; ol_text_shadow_blur_strength_tablet=&#8220;1px&#8220; quote_text_shadow_horizontal_length_tablet=&#8220;0px&#8220; quote_text_shadow_vertical_length_tablet=&#8220;0px&#8220; quote_text_shadow_blur_strength_tablet=&#8220;1px&#8220; header_text_shadow_horizontal_length_tablet=&#8220;0px&#8220; header_text_shadow_vertical_length_tablet=&#8220;0px&#8220; header_text_shadow_blur_strength_tablet=&#8220;1px&#8220; header_2_text_shadow_horizontal_length_tablet=&#8220;0px&#8220; header_2_text_shadow_vertical_length_tablet=&#8220;0px&#8220; header_2_text_shadow_blur_strength_tablet=&#8220;1px&#8220; header_3_text_shadow_horizontal_length_tablet=&#8220;0px&#8220; header_3_text_shadow_vertical_length_tablet=&#8220;0px&#8220; header_3_text_shadow_blur_strength_tablet=&#8220;1px&#8220; header_4_text_shadow_horizontal_length_tablet=&#8220;0px&#8220; header_4_text_shadow_vertical_length_tablet=&#8220;0px&#8220; header_4_text_shadow_blur_strength_tablet=&#8220;1px&#8220; header_5_text_shadow_horizontal_length_tablet=&#8220;0px&#8220; header_5_text_shadow_vertical_length_tablet=&#8220;0px&#8220; header_5_text_shadow_blur_strength_tablet=&#8220;1px&#8220; header_6_text_shadow_horizontal_length_tablet=&#8220;0px&#8220; header_6_text_shadow_vertical_length_tablet=&#8220;0px&#8220; header_6_text_shadow_blur_strength_tablet=&#8220;1px&#8220; box_shadow_horizontal_tablet=&#8220;0px&#8220; box_shadow_vertical_tablet=&#8220;0px&#8220; box_shadow_blur_tablet=&#8220;40px&#8220; box_shadow_spread_tablet=&#8220;0px&#8220; global_colors_info=&#8220;{}&#8220;]<\/p>\n<h4>Was vom Herzen kommt, wird zu Herzen gehen<\/h4>\n<p>Eine freie Trauung ist kein Ersatz, keine Notl\u00f6sung f\u00fcr eine andere Trauungszeremonie und schon gar keine Modeerscheinung.<\/p>\n<p>Als das Besondere, das Einzigartige, das Wunderbare eurer Liebe sicht- und h\u00f6rbar zu machen, ist die Freie Trauung eine sehr ehrliche und aufrichtige Form, das JA f\u00fcreinander zu bezeugen. Ihr werdet es sp\u00fcren.<\/p>\n<p>Du darfst von mir erwarten, dass ich mich auf euch und eure Liebesgeschichte einlasse, mit den unterschiedlichen M\u00f6glichkeiten der Freien Trauung vertraut bin und meine Worte sehr pers\u00f6nlich und exklusiv auf Euch abstimme.<\/p>\n<p>Wenn ihr euch kulturelle Besonderheiten w\u00fcnscht, ist das genauso m\u00f6glich, wie eure Lieben in die Zeremonie zu integrieren.<\/p>\n<p>Dabei k\u00f6nnt ihr von hunderten G\u00e4sten umringt und getragen sein &#8211; oder ganz vertraut nur f\u00fcr euch die Zeremonie innig genie\u00dfen.<\/p>\n<p>Dass ich seit Jahren auch als Wedding-Planner etabliert bin und\u00a0 mich auf meine Erfahrung hundert Pro verlassen kann,\u00a0 hat sich bei mancher Zeremonie schon als echter Gl\u00fccksfall herausgestellt.<\/p>\n<p>F\u00fcr mich ist das Ritual der Freien Trauung ein &#8222;heiliger&#8220; und h\u00f6chst sensibler Akt, den sich zwei Menschen mit einem klaren JA schenken.<\/p>\n<p>Eine hohe Sympathie zu eurer Hochzeitsrednerin ist dabei eine wichtige Voraussetzung.<\/p>\n<p>To find out, I am happy to offer you the free initial consultation.<\/p>\n<p>&nbsp;<\/p>\n<p style=\"font-size: 18px; background-color: #ffffff;\">Made with Love<\/p>\n<p>[\/et_pb_text][et_pb_image src=&#8220;https:\/\/www.wedding-vienna.com\/wp-content\/uploads\/2021\/01\/Unterschrift-300&#215;132-1.jpg&#8220; alt=&#8220;Elisabeth Brandl&#8220; title_text=&#8220;Elisabeth Brandl&#8220; show_bottom_space=&#8220;off&#8220; align_tablet=&#8220;center&#8220; align_phone=&#8220;&#8220; align_last_edited=&#8220;on|desktop&#8220; _builder_version=&#8220;4.16&#8243; global_colors_info=&#8220;{}&#8220;]<\/p>\n<p>&nbsp;<\/p>\n<p>[\/et_pb_image][et_pb_text _builder_version=&#8220;4.16&#8243; _module_preset=&#8220;default&#8220; global_colors_info=&#8220;{}&#8220;]<\/p>\n<p>P.S. Mein Hairstyling auf dem Foto habe ich dem lebhaften Wind am Strand von Samos zu verdanken.<\/p>\n<p>[\/et_pb_text][et_pb_toggle title=&#8220;Hochzeitsrednerin&#8220; open_toggle_text_color=&#8220;#AB2849&#8243; icon_color=&#8220;#AB2849&#8243; open_icon_color=&#8220;#AB2849&#8243; admin_label=&#8220;Meine Werte&#8220; _builder_version=&#8220;4.17.6&#8243; title_text_color=&#8220;#AB2849&#8243; title_level=&#8220;h4&#8243; title_font_size=&#8220;18px&#8220; hover_enabled=&#8220;0&#8243; z_index_tablet=&#8220;500&#8243; global_colors_info=&#8220;{}&#8220; sticky_enabled=&#8220;0&#8243;]<\/p>\n<p>This is what you can expect from me as a wedding speaker:<\/p>\n<p>\u221e Gemeinsames Gespr\u00e4ch mit Festlegung des Trauungsrituals und der organisatorischen Dinge<\/p>\n<p>\u221e Je 1 Stunde Vorgespr\u00e4ch mit jedem von euch exklusiv, entweder pers\u00f6nlich, per zoom oder skype<\/p>\n<p>\u221e Besorgung aller f\u00fcr das Ritual ben\u00f6tigten Utensilien<\/p>\n<p>\u221e Trauungszeremoniell, Trauungsrede mit all den &#8222;Geheimnissen&#8220; die ihr mir in unseren Vorgespr\u00e4chen anvertraut habt,<\/p>\n<p><strong>Kosten: \u20ac 1.290,&#8211; inkl. MWSt<\/strong>.<\/p>\n<p>+ Reisekosten, sollten diese entstehen<\/p>\n<p>[\/et_pb_toggle][et_pb_toggle title=&#8220;Hochzeitsrednerin &#038; Wedding-Planning.  Hochzeit aus einer Hand&#8220; open_toggle_text_color=&#8220;#AB2849&#8243; icon_color=&#8220;#AB2849&#8243; open_icon_color=&#8220;#AB2849&#8243; admin_label=&#8220;Facts&#8220; _builder_version=&#8220;4.16.1&#8243; title_text_color=&#8220;#AB2849&#8243; title_level=&#8220;h4&#8243; title_font_size=&#8220;18px&#8220; z_index_tablet=&#8220;500&#8243; global_colors_info=&#8220;{}&#8220;]<\/p>\n<p>So sicher und frei k\u00f6nnt ihr euch f\u00fchlen.<\/p>\n<p>Die sinnvolle Symbiose aus Wedding-Planner Services und Hochzeitsrednerin bietet viele Vorteile.\u00a0 Auch einen monet\u00e4ren.<\/p>\n<p>Da es hier sehr viele M\u00f6glichkeiten und Synergien gibt, biete ich euch\u00a0 gerne an, das Informationsgespr\u00e4ch f\u00fcr eure Klarheit zu nutzen.\u00a0 Finden wir heraus, ob diese Variante f\u00fcr euch optimal ist. Und wenn: in welcher Zusammenstellung ihr sie n\u00fctzen wollt.<\/p>\n<p>&nbsp;<\/p>\n<p>[\/et_pb_toggle][et_pb_button button_url=&#8220;https:\/\/calendly.com\/elisabeth-from-wedding-vienna\/kostenfreies-erstgespraech?back=1&#038;month=2022-05&#8243; url_new_window=&#8220;on&#8220; button_text=&#8220;Kostenfreie Erstberatung (15 Min.) vereinbaren&#8220; button_alignment=&#8220;center&#8220; button_text_tablet=&#8220;Kostenfreie Erstberatung (15 Min.) vereinbaren&#8220; button_text_phone=&#8220;Kostenfreie Erstberatung (15 Min.)&#8220; button_text_last_edited=&#8220;on|desktop&#8220; button_alignment_tablet=&#8220;left&#8220; button_alignment_phone=&#8220;left&#8220; button_alignment_last_edited=&#8220;on|tablet&#8220; _builder_version=&#8220;4.17.4&#8243; custom_button=&#8220;on&#8220; button_text_size=&#8220;18px&#8220; button_text_color=&#8220;#000000&#8243; button_bg_use_color_gradient=&#8220;on&#8220; button_bg_color_gradient_type=&#8220;circular&#8220; button_bg_color_gradient_stops=&#8220;#fded98 0%|#c18e23 100%&#8220; button_bg_color_gradient_start=&#8220;#fded98&#8243; button_bg_color_gradient_end=&#8220;#c18e23&#8243; button_border_width=&#8220;0px&#8220; button_border_color=&#8220;RGBA(255,255,255,0)&#8220; button_border_radius=&#8220;50px&#8220; button_letter_spacing=&#8220;1px&#8220; button_font=&#8220;|600|||||||&#8220; button_use_icon=&#8220;off&#8220; custom_margin=&#8220;||50px||false|false&#8220; custom_margin_tablet=&#8220;||50px||false|false&#8220; custom_margin_phone=&#8220;||15px||false|false&#8220; custom_margin_last_edited=&#8220;on|phone&#8220; custom_padding=&#8220;15px|35px|15px|35px|true|true&#8220; custom_padding_tablet=&#8220;15px|35px|15px|35px|true|true&#8220; custom_padding_phone=&#8220;10px|10px|10px|10px|true|true&#8220; custom_padding_last_edited=&#8220;on|phone&#8220; animation_direction=&#8220;bottom&#8220; button_text_size_tablet=&#8220;18px&#8220; button_text_size_phone=&#8220;14px&#8220; button_text_size_last_edited=&#8220;on|phone&#8220; button_bg_color_gradient_stops_tablet=&#8220;#fded98 0%|#c18e23 100%&#8220; button_bg_color_gradient_stops_phone=&#8220;#fded98 0%|#c18e23 100%&#8220; box_shadow_style=&#8220;preset1&#8243; global_module=&#8220;256698&#8243; saved_tabs=&#8220;all&#8220; global_colors_info=&#8220;{}&#8220; button_bg_color__hover=&#8220;#AB2849&#8243; button_bg_color__hover_enabled=&#8220;on|hover&#8220; button_text_color__hover=&#8220;#ffffff&#8220; button_text_color__hover_enabled=&#8220;on|desktop&#8220; button_border_color__hover=&#8220;#c9b7bd&#8220; button_border_color__hover_enabled=&#8220;on&#8220; button_bg_enable_color__hover=&#8220;on&#8220; button_bg_use_color_gradient__hover=&#8220;off&#8220;][\/et_pb_button][\/et_pb_column][et_pb_column type=&#8220;1_3&#8243; _builder_version=&#8220;4.16&#8243; custom_padding=&#8220;|||&#8220; global_colors_info=&#8220;{}&#8220; custom_padding__hover=&#8220;|||&#8220;][et_pb_image src=&#8220;https:\/\/www.wedding-vienna.com\/wp-content\/uploads\/2021\/10\/Freie-Trauung-Samos-Strand-2.jpg&#8220; alt=&#8220;Certified Wedding Planner&#8220; title_text=&#8220;Freie Trauung Samos Strand 2&#8243; align=&#8220;center&#8220; _builder_version=&#8220;4.16&#8243; _module_preset=&#8220;default&#8220; box_shadow_style=&#8220;preset2&#8243; locked=&#8220;off&#8220; global_colors_info=&#8220;{}&#8220;][\/et_pb_image][et_pb_image src=&#8220;https:\/\/www.wedding-vienna.com\/wp-content\/uploads\/2021\/10\/Ringe.jpg&#8220; title_text=&#8220;Ringe Freie Zeremonie&#8220; url_new_window=&#8220;on&#8220; align=&#8220;center&#8220; _builder_version=&#8220;4.16&#8243; _module_preset=&#8220;default&#8220; module_alignment=&#8220;center&#8220; box_shadow_style=&#8220;preset2&#8243; global_colors_info=&#8220;{}&#8220;][\/et_pb_image][et_pb_image src=&#8220;https:\/\/www.wedding-vienna.com\/wp-content\/uploads\/2021\/10\/Beach-Wedding-Samos-.jpg&#8220; title_text=&#8220;Beach Wedding Samos&#8220; _builder_version=&#8220;4.16&#8243; _module_preset=&#8220;default&#8220; box_shadow_style=&#8220;preset2&#8243; global_colors_info=&#8220;{}&#8220;][\/et_pb_image][\/et_pb_column][\/et_pb_row][et_pb_row column_structure=&#8220;1_2,1_2&#8243; _builder_version=&#8220;4.14.7&#8243; _module_preset=&#8220;default&#8220; width=&#8220;100%&#8220; max_width=&#8220;100%&#8220; global_module=&#8220;256771&#8243; saved_tabs=&#8220;all&#8220; global_colors_info=&#8220;{}&#8220;][et_pb_column type=&#8220;1_2&#8243; _builder_version=&#8220;4.16&#8243; _module_preset=&#8220;default&#8220; global_colors_info=&#8220;{}&#8220;][\/et_pb_column][et_pb_column type=&#8220;1_2&#8243; _builder_version=&#8220;4.16&#8243; _module_preset=&#8220;default&#8220; global_colors_info=&#8220;{}&#8220;][et_pb_button button_url=&#8220;https:\/\/calendly.com\/elisabeth-from-wedding-vienna\/kostenfreies-erstgespraech?back=1&#038;month=2022-05&#8243; url_new_window=&#8220;on&#8220; button_text=&#8220;Kostenfreie Erstberatung!&#8220; button_alignment=&#8220;right&#8220; button_alignment_tablet=&#8220;right&#8220; button_alignment_phone=&#8220;center&#8220; button_alignment_last_edited=&#8220;on|desktop&#8220; _builder_version=&#8220;4.17.4&#8243; _module_preset=&#8220;default&#8220; custom_button=&#8220;on&#8220; button_text_size=&#8220;18px&#8220; button_text_color=&#8220;#000000&#8243; button_bg_color=&#8220;#8b2413&#8243; button_bg_use_color_gradient=&#8220;on&#8220; button_bg_color_gradient_type=&#8220;circular&#8220; button_bg_color_gradient_stops=&#8220;#fded98 0%|#c18e23 100%&#8220; button_bg_color_gradient_start=&#8220;#fded98&#8243; button_bg_color_gradient_end=&#8220;#c18e23&#8243; button_border_width=&#8220;0px&#8220; button_border_color=&#8220;RGBA(255,255,255,0)&#8220; button_border_radius=&#8220;50px&#8220; button_letter_spacing=&#8220;1px&#8220; button_font=&#8220;|600|||||||&#8220; button_use_icon=&#8220;off&#8220; custom_margin=&#8220;|40px|||false|false&#8220; custom_margin_tablet=&#8220;||50px||false|false&#8220; custom_margin_phone=&#8220;|0px|20px|0px|false|true&#8220; custom_margin_last_edited=&#8220;on|desktop&#8220; custom_padding_tablet=&#8220;15px|35px|15px|35px|true|true&#8220; custom_padding_phone=&#8220;10px|10px|10px|10px|true|true&#8220; sticky_position=&#8220;bottom&#8220; sticky_offset_bottom=&#8220;40px&#8220; sticky_offset_surrounding=&#8220;off&#8220; sticky_transition=&#8220;off&#8220; button_text_size_tablet=&#8220;18px&#8220; button_text_size_phone=&#8220;15px&#8220; button_text_size_last_edited=&#8220;on|desktop&#8220; box_shadow_style=&#8220;preset1&#8243; box_shadow_color=&#8220;rgba(224,153,0,0.95)&#8220; global_colors_info=&#8220;{}&#8220; button_bg_color__sticky_enabled=&#8220;off|desktop&#8220; button_bg_color__hover_enabled=&#8220;on|desktop&#8220; button_bg_color__hover=&#8220;#E09900&#8243; button_bg_enable_color__hover=&#8220;on&#8220;][\/et_pb_button][\/et_pb_column][\/et_pb_row][\/et_pb_section]<\/p>","protected":false},"excerpt":{"rendered":"<p>Freie TrauungHochzeitsrednerinFreie Trauung Elisabeth Brandl,Hochzeitsrednerin f\u00fcr eure freie TrauungWas vom Herzen kommt, wird zu Herzen gehen Eine freie Trauung ist kein Ersatz, keine Notl\u00f6sung f\u00fcr eine andere Trauungszeremonie und schon gar keine Modeerscheinung. Als das Besondere, das Einzigartige, das Wunderbare eurer Liebe sicht- und h\u00f6rbar zu machen, ist die Freie Trauung eine sehr ehrliche und [&hellip;]<\/p>","protected":false},"author":1,"featured_media":0,"parent":0,"menu_order":0,"comment_status":"closed","ping_status":"closed","template":"","meta":{"_et_pb_use_builder":"on","_et_pb_old_content":"","_et_gb_content_width":"","footnotes":""},"class_list":["post-256141","page","type-page","status-publish","hentry"],"_links":{"self":[{"href":"https:\/\/www.wedding-vienna.com\/en\/wp-json\/wp\/v2\/pages\/256141","targetHints":{"allow":["GET"]}}],"collection":[{"href":"https:\/\/www.wedding-vienna.com\/en\/wp-json\/wp\/v2\/pages"}],"about":[{"href":"https:\/\/www.wedding-vienna.com\/en\/wp-json\/wp\/v2\/types\/page"}],"author":[{"embeddable":true,"href":"https:\/\/www.wedding-vienna.com\/en\/wp-json\/wp\/v2\/users\/1"}],"replies":[{"embeddable":true,"href":"https:\/\/www.wedding-vienna.com\/en\/wp-json\/wp\/v2\/comments?post=256141"}],"version-history":[{"count":5,"href":"https:\/\/www.wedding-vienna.com\/en\/wp-json\/wp\/v2\/pages\/256141\/revisions"}],"predecessor-version":[{"id":257303,"href":"https:\/\/www.wedding-vienna.com\/en\/wp-json\/wp\/v2\/pages\/256141\/revisions\/257303"}],"wp:attachment":[{"href":"https:\/\/www.wedding-vienna.com\/en\/wp-json\/wp\/v2\/media?parent=256141"}],"curies":[{"name":"wp","href":"https:\/\/api.w.org\/{rel}","templated":true}]}}